{"id":229167,"date":"2024-02-02T10:43:32","date_gmt":"2024-02-02T08:43:32","guid":{"rendered":"https:\/\/zuriell.ro\/?post_type=product&#038;p=229167"},"modified":"2025-12-23T14:46:04","modified_gmt":"2025-12-23T12:46:04","slug":"zuriell-valentines-edition-2-10","status":"publish","type":"product","link":"https:\/\/zuriell.ro\/en\/produs\/zuriell-valentines-edition-2-10\/","title":{"rendered":"Zuriell-Valentine&#8217;s edition 2\/10"},"content":{"rendered":"<p>Spiritul Iubirii \u00eentr-o Pies\u0103 de Colec\u021bie<\/p>\n<p>Descoper\u0103 atmosfera romantic\u0103 cu agenda Zuriell din piele natural\u0103, refolosibil\u0103 la nesf\u00e2r\u0219it, edi\u021bie limitat\u0103 de Valentine`s Day, pictat\u0103 manual de Adina Potop.<\/p>\n<p>Exist\u0103 doar 10 buc\u0103\u021bi, transform\u00e2nd fiecare agend\u0103 \u00eentr-un cadou unic pentru persoana iubit\u0103. Detaliile minu\u021bioase \u0219i nuan\u021bele vibrante adaug\u0103 un strop de farmec \u0219i originalitate. Ofer\u0103 un cadou memorabil, care \u00eembin\u0103 estetica cu practicabilitatea \u00eentr-un mod unic. Ce prime\u0219ti:<\/p>\n<ul>\n<li>Zuriell Travel Notebook (A5) pictat de Adina Potop<\/li>\n<li>Zuriell Travel Refill (A5) \u2013 rezerva x1<\/li>\n<li>Agenda semnat\u0103 de artist<\/li>\n<li>numerotat\u0103 individual (ex. 1\/10\u202610\/10)<\/li>\n<\/ul>\n<p>ADINA POTOP<br \/>\nUnde arta devine o c\u0103l\u0103torie captivant\u0103 prin emo\u021bie \u0219i imagina\u021bie.<\/p>\n<p>Adina Potop, artist\u0103 \u00een arta media mixt\u0103 \u0219i abstract\u0103, traseaz\u0103 noi orizonturi \u00een expresia sa artistic\u0103.<\/p>\n<p>Picteaz\u0103 emo\u021bii \u0219i st\u0103ri pentru care cuvintele \u00eei devin neputincioase. Explor\u0103rile sale artistice sunt sunt ca ni\u0219te foraje \u00een ad\u00e2ncurile sufletului, dezv\u0103luind straturi neexplorate.<\/p>\n<p>La fiecare atingere de pensul\u0103, Adina se \u00eentoarce c\u0103tre sine. \u00cens\u0103, nu ea picteaz\u0103, ci copilul ei interior preia controlul, devenind creatorul unui spa\u021biu alchimic, infinit, plin de visare \u0219i plutire. Adina Potop: acolo unde arta devine o c\u0103l\u0103torie captivant\u0103 \u00een lumea senza\u021biilor \u0219i imagina\u021biei.<\/p>\n","protected":false},"excerpt":{"rendered":"<p>Spiritul Iubirii \u00eentr-o Pies\u0103 de Colec\u021bie Descoper\u0103 atmosfera romantic\u0103 cu agenda Zuriell din piele natural\u0103, refolosibil\u0103 la nesf\u00e2r\u0219it, edi\u021bie limitat\u0103 de Valentine`s Day, pictat\u0103 manual de Adina Potop. Exist\u0103 doar 10 buc\u0103\u021bi, transform\u00e2nd fiecare agend\u0103 \u00eentr-un cadou unic pentru persoana iubit\u0103. Detaliile minu\u021bioase \u0219i nuan\u021bele vibrante adaug\u0103 un strop de farmec \u0219i originalitate. Ofer\u0103 un [&hellip;]<\/p>\n","protected":false},"featured_media":229157,"comment_status":"open","ping_status":"closed","template":"","meta":{"_et_pb_use_builder":"","_et_pb_old_content":"","_et_gb_content_width":"","_kad_blocks_custom_css":"","_kad_blocks_head_custom_js":"","_kad_blocks_body_custom_js":"","_kad_blocks_footer_custom_js":""},"product_brand":[],"product_cat":[117],"product_tag":[],"class_list":{"0":"post-229167","1":"product","2":"type-product","3":"status-publish","4":"has-post-thumbnail","6":"product_cat-valentines-edition","7":"tm-has-options","9":"first","10":"outofstock","11":"shipping-taxable","12":"purchasable","13":"product-type-variable"},"aioseo_notices":[],"taxonomy_info":{"product_cat":[{"value":117,"label":"Valentine's edition"}]},"featured_image_src_large":["https:\/\/zuriell.ro\/wp-content\/uploads\/2024\/02\/Zuriell-Valentines-edition-02-10-1024x1024.webp",1024,1024,true],"author_info":[],"comment_info":0,"_links":{"self":[{"href":"https:\/\/zuriell.ro\/en\/wp-json\/wp\/v2\/product\/229167","targetHints":{"allow":["GET"]}}],"collection":[{"href":"https:\/\/zuriell.ro\/en\/wp-json\/wp\/v2\/product"}],"about":[{"href":"https:\/\/zuriell.ro\/en\/wp-json\/wp\/v2\/types\/product"}],"replies":[{"embeddable":true,"href":"https:\/\/zuriell.ro\/en\/wp-json\/wp\/v2\/comments?post=229167"}],"wp:featuredmedia":[{"embeddable":true,"href":"https:\/\/zuriell.ro\/en\/wp-json\/wp\/v2\/media\/229157"}],"wp:attachment":[{"href":"https:\/\/zuriell.ro\/en\/wp-json\/wp\/v2\/media?parent=229167"}],"wp:term":[{"taxonomy":"product_brand","embeddable":true,"href":"https:\/\/zuriell.ro\/en\/wp-json\/wp\/v2\/product_brand?post=229167"},{"taxonomy":"product_cat","embeddable":true,"href":"https:\/\/zuriell.ro\/en\/wp-json\/wp\/v2\/product_cat?post=229167"},{"taxonomy":"product_tag","embeddable":true,"href":"https:\/\/zuriell.ro\/en\/wp-json\/wp\/v2\/product_tag?post=229167"}],"curies":[{"name":"wp","href":"https:\/\/api.w.org\/{rel}","templated":true}]}}