{"id":228897,"date":"2023-12-14T15:47:38","date_gmt":"2023-12-14T13:47:38","guid":{"rendered":"https:\/\/zuriell.ro\/?post_type=product&#038;p=228897"},"modified":"2025-12-23T14:46:05","modified_gmt":"2025-12-23T12:46:05","slug":"zuriell-travel-notebook-editie-craciun-10-10","status":"publish","type":"product","link":"https:\/\/zuriell.ro\/en\/produs\/zuriell-travel-notebook-editie-craciun-10-10\/","title":{"rendered":"Zuriell Travel Notebook &#8211; Editie Craciun 10\/10"},"content":{"rendered":"<h3><b>Spiritul Cr\u0103ciunului \u00centr-o Pies\u0103 de Colectie<\/b><\/h3>\n<p>P\u0103trunde \u00een atmosfera magic\u0103 a Cr\u0103ciunului cu agenda Zuriell din piele natural\u0103, refolosibil\u0103 la nesf\u00e2r\u0219it, edi\u021bie limitat\u0103 de Cr\u0103ciun, pictat\u0103 manual de Adina Potop.<\/p>\n<p>Doar 10 buc\u0103\u021bi exist\u0103, iar fiecare agend\u0103 devine un cadou unic de Cr\u0103ciun. Fiecare detaliu, fiecare nuan\u021b\u0103 de culoare adaug\u0103 un element de farmec \u0219i originalitate. Ofer\u0103 un cadou ce dep\u0103\u0219e\u0219te a\u0219tept\u0103rile, un cadou care \u00eembin\u0103 frumuse\u021bea cu utilitatea \u00eentr-un mod inegalabil.<\/p>\n<p>Ce prime\u0219ti:<\/p>\n<ul>\n<li aria-level=\"1\"><b>Zuriell Travel Notebook (A5) pictat de Adina Potop<\/b><\/li>\n<li aria-level=\"1\"><b>Zuriell Travel Refill (A5) &#8211; rezerva x1<\/b><\/li>\n<li aria-level=\"1\"><b>Personalizare cu nume pe coperta interioara &#8211; inclus\u0103<\/b><\/li>\n<li aria-level=\"1\"><b>Agenda este semnat\u0103 de artist<\/b><\/li>\n<li aria-level=\"1\"><b>Numerotat\u0103 individual, (ex. 1\/10&#8230;10\/10)<\/b><\/li>\n<\/ul>\n<p>&nbsp;<\/p>\n<h2><b>ADINA POTOP<\/b><\/h2>\n<h6><b><i>Unde arta devine o c\u0103l\u0103torie captivant\u0103 prin emo\u021bie \u0219i imagina\u021bie.<\/i><\/b><\/h6>\n<p>Adina Potop, artist\u0103 \u00een arta media mixt\u0103 \u0219i abstract\u0103, traseaz\u0103 noi orizonturi \u00een expresia sa artistic\u0103.<\/p>\n<p>Picteaz\u0103 emo\u021bii \u0219i st\u0103ri pentru care cuvintele \u00eei devin neputincioase. Explor\u0103rile sale artistice sunt sunt ca ni\u0219te foraje \u00een ad\u00e2ncurile sufletului, dezv\u0103luind straturi neexplorate.<\/p>\n<p>La fiecare atingere de pensul\u0103, Adina se \u00eentoarce c\u0103tre sine. \u00cens\u0103, nu ea picteaz\u0103, ci copilul ei interior preia controlul, devenind creatorul unui spa\u021biu alchimic, infinit, plin de visare \u0219i plutire. Adina Potop: acolo unde arta devine o c\u0103l\u0103torie captivant\u0103 \u00een lumea senza\u021biilor \u0219i imagina\u021biei.<\/p>\n","protected":false},"excerpt":{"rendered":"<p>Spiritul Cr\u0103ciunului \u00centr-o Pies\u0103 de Colectie P\u0103trunde \u00een atmosfera magic\u0103 a Cr\u0103ciunului cu agenda Zuriell din piele natural\u0103, refolosibil\u0103 la nesf\u00e2r\u0219it, edi\u021bie limitat\u0103 de Cr\u0103ciun, pictat\u0103 manual de Adina Potop. Doar 10 buc\u0103\u021bi exist\u0103, iar fiecare agend\u0103 devine un cadou unic de Cr\u0103ciun. Fiecare detaliu, fiecare nuan\u021b\u0103 de culoare adaug\u0103 un element de farmec \u0219i [&hellip;]<\/p>\n","protected":false},"featured_media":228831,"comment_status":"open","ping_status":"closed","template":"","meta":{"_et_pb_use_builder":"","_et_pb_old_content":"","_et_gb_content_width":"","_kad_blocks_custom_css":"","_kad_blocks_head_custom_js":"","_kad_blocks_body_custom_js":"","_kad_blocks_footer_custom_js":""},"product_brand":[],"product_cat":[116],"product_tag":[],"class_list":{"0":"post-228897","1":"product","2":"type-product","3":"status-publish","4":"has-post-thumbnail","6":"product_cat-agenda-editie-craciun","7":"tm-has-options","9":"first","10":"outofstock","11":"shipping-taxable","12":"purchasable","13":"product-type-variable"},"aioseo_notices":[],"taxonomy_info":{"product_cat":[{"value":116,"label":"Agenda editie Craciun"}]},"featured_image_src_large":["https:\/\/zuriell.ro\/wp-content\/uploads\/2023\/12\/Zuriell-Christimas-edition-10-10-1024x1024.webp",1024,1024,true],"author_info":[],"comment_info":0,"_links":{"self":[{"href":"https:\/\/zuriell.ro\/en\/wp-json\/wp\/v2\/product\/228897","targetHints":{"allow":["GET"]}}],"collection":[{"href":"https:\/\/zuriell.ro\/en\/wp-json\/wp\/v2\/product"}],"about":[{"href":"https:\/\/zuriell.ro\/en\/wp-json\/wp\/v2\/types\/product"}],"replies":[{"embeddable":true,"href":"https:\/\/zuriell.ro\/en\/wp-json\/wp\/v2\/comments?post=228897"}],"wp:featuredmedia":[{"embeddable":true,"href":"https:\/\/zuriell.ro\/en\/wp-json\/wp\/v2\/media\/228831"}],"wp:attachment":[{"href":"https:\/\/zuriell.ro\/en\/wp-json\/wp\/v2\/media?parent=228897"}],"wp:term":[{"taxonomy":"product_brand","embeddable":true,"href":"https:\/\/zuriell.ro\/en\/wp-json\/wp\/v2\/product_brand?post=228897"},{"taxonomy":"product_cat","embeddable":true,"href":"https:\/\/zuriell.ro\/en\/wp-json\/wp\/v2\/product_cat?post=228897"},{"taxonomy":"product_tag","embeddable":true,"href":"https:\/\/zuriell.ro\/en\/wp-json\/wp\/v2\/product_tag?post=228897"}],"curies":[{"name":"wp","href":"https:\/\/api.w.org\/{rel}","templated":true}]}}