{"id":228622,"date":"2023-11-22T12:37:47","date_gmt":"2023-11-22T10:37:47","guid":{"rendered":"https:\/\/zuriell.ro\/?post_type=product&#038;p=228622"},"modified":"2025-12-23T14:46:06","modified_gmt":"2025-12-23T12:46:06","slug":"zuriell-travel-notebook-editie-anivesara-6-7","status":"publish","type":"product","link":"https:\/\/zuriell.ro\/en\/produs\/zuriell-travel-notebook-editie-anivesara-6-7\/","title":{"rendered":"Zuriell Travel Notebook &#8211; Edi\u021bie anivesara 6\/7"},"content":{"rendered":"<h3>O Capodoper\u0103 Aniversar\u0103: Pictat\u0103 Manual de Adina Potop<\/h3>\n<p><img decoding=\"async\" class=\"alignnone size-medium wp-image-228599\" src=\"https:\/\/zuriell.ro\/wp-content\/uploads\/2023\/11\/Zuriell-o-capodopera-aniversara-200x300.jpeg\" alt=\"\" width=\"200\" height=\"300\" \/><\/p>\n<p>Edi\u021bie aniversar\u0103 limitat\u0103 \u0219i exclusiv\u0103, pictat\u0103 manual de Adina Potop pentru aniversarea de 7 ani &#8211; doar 7 buc\u0103\u021bi exist\u0103.\u00a0 \u00cen lumea efemer\u0103 a produselor de mas\u0103, agenda Zuriell se ridic\u0103 ca o stea str\u0103lucitoare prin exclusivitatea ei. Fiecare agend\u0103 este o capodoper\u0103 unic\u0103, semnat\u0103 de artist \u0219i numerotat\u0103 individual. Descoper\u0103 cum fiecare tr\u0103s\u0103tur\u0103 de pensula aduce via\u021b\u0103 coper\u021bii din piele natural\u0103, cre\u00e2nd astfel o experien\u021b\u0103 vizual\u0103 captivant\u0103. Detaliile minu\u021bioase \u0219i culorile vibrante fac din aceast\u0103 agenda nu doar un instrument func\u021bional, ci \u0219i o expresie a rafinamentului, \u0219i creativit\u0103\u021bii.<\/p>\n<p>Ce prime\u0219ti:<\/p>\n<ul>\n<li aria-level=\"1\"><b>Zuriell Travel Notebook (A5) pictat de Adina Potop<\/b><\/li>\n<li aria-level=\"1\"><b>Zuriell Travel Refill (A5) &#8211; rezerva x1<\/b><\/li>\n<li aria-level=\"1\"><b>Personalizare cu nume pe coperta interioara &#8211; inclus\u0103<\/b><\/li>\n<li aria-level=\"1\"><b>Agenda este semnat\u0103 de artist<\/b><\/li>\n<li aria-level=\"1\"><b>Numerotat\u0103 individual, (ex. 1\/7&#8230;7\/7)<\/b><\/li>\n<\/ul>\n<p>Material: piele natural\u0103 premium<br \/>\nDimensiuni: 148 x 210 mm<br \/>\nNumar file: 85 file<br \/>\nPersonalizare: &#8211; gravur\u0103<\/p>\n<h5><b><br \/>\nADINA POTOP<\/b><\/h5>\n<h6><b><i>Unde arta devine o c\u0103l\u0103torie captivant\u0103 prin emo\u021bie \u0219i imagina\u021bie.<\/i><\/b><\/h6>\n<p><img decoding=\"async\" class=\"alignnone size-medium wp-image-228596\" src=\"https:\/\/zuriell.ro\/wp-content\/uploads\/2023\/11\/Adina-potop-x-zuriell-200x300.jpeg\" alt=\"\" width=\"200\" height=\"300\" \/><\/p>\n<p>Adina Potop, artist\u0103 \u00een arta media mixt\u0103 \u0219i abstract\u0103, traseaz\u0103 noi orizonturi \u00een expresia sa artistic\u0103.<\/p>\n<p>Picteaz\u0103 emo\u021bii \u0219i st\u0103ri pentru care cuvintele \u00eei devin neputincioase. Explor\u0103rile sale artistice sunt sunt ca ni\u0219te foraje \u00een ad\u00e2ncurile sufletului, dezv\u0103luind straturi neexplorate.<\/p>\n<p>La fiecare atingere de pensul\u0103, Adina se \u00eentoarce c\u0103tre sine. \u00cens\u0103, nu ea picteaz\u0103, ci copilul ei interior preia controlul, devenind creatorul unui spa\u021biu alchimic, infinit, plin de visare \u0219i plutire. Adina Potop: acolo unde arta devine o c\u0103l\u0103torie captivant\u0103 \u00een lumea senza\u021biilor \u0219i imagina\u021biei.<\/p>\n<h6>Exclusivitate \u0219i Unicitate &#8211; 7 Buc\u0103\u021bi , Fiecare cu Propria Sa Poveste<\/h6>\n","protected":false},"excerpt":{"rendered":"<p>O Capodoper\u0103 Aniversar\u0103: Pictat\u0103 Manual de Adina Potop Edi\u021bie aniversar\u0103 limitat\u0103 \u0219i exclusiv\u0103, pictat\u0103 manual de Adina Potop pentru aniversarea de 7 ani &#8211; doar 7 buc\u0103\u021bi exist\u0103.\u00a0 \u00cen lumea efemer\u0103 a produselor de mas\u0103, agenda Zuriell se ridic\u0103 ca o stea str\u0103lucitoare prin exclusivitatea ei. Fiecare agend\u0103 este o capodoper\u0103 unic\u0103, semnat\u0103 de artist [&hellip;]<\/p>\n","protected":false},"featured_media":228643,"comment_status":"open","ping_status":"closed","template":"","meta":{"_et_pb_use_builder":"","_et_pb_old_content":"","_et_gb_content_width":"","_kad_blocks_custom_css":"","_kad_blocks_head_custom_js":"","_kad_blocks_body_custom_js":"","_kad_blocks_footer_custom_js":""},"product_brand":[],"product_cat":[115],"product_tag":[],"class_list":{"0":"post-228622","1":"product","2":"type-product","3":"status-publish","4":"has-post-thumbnail","6":"product_cat-agenda-editie-limitata-aniversara-7-ani","7":"tm-has-options","9":"first","10":"outofstock","11":"shipping-taxable","12":"purchasable","13":"product-type-variable"},"aioseo_notices":[],"taxonomy_info":{"product_cat":[{"value":115,"label":"Agenda editie limitata aniversara 7 ani"}]},"featured_image_src_large":["https:\/\/zuriell.ro\/wp-content\/uploads\/2023\/11\/Zuriell-x-adina-potop-67-scaled-1024x1024.webp",1024,1024,true],"author_info":[],"comment_info":0,"_links":{"self":[{"href":"https:\/\/zuriell.ro\/en\/wp-json\/wp\/v2\/product\/228622","targetHints":{"allow":["GET"]}}],"collection":[{"href":"https:\/\/zuriell.ro\/en\/wp-json\/wp\/v2\/product"}],"about":[{"href":"https:\/\/zuriell.ro\/en\/wp-json\/wp\/v2\/types\/product"}],"replies":[{"embeddable":true,"href":"https:\/\/zuriell.ro\/en\/wp-json\/wp\/v2\/comments?post=228622"}],"wp:featuredmedia":[{"embeddable":true,"href":"https:\/\/zuriell.ro\/en\/wp-json\/wp\/v2\/media\/228643"}],"wp:attachment":[{"href":"https:\/\/zuriell.ro\/en\/wp-json\/wp\/v2\/media?parent=228622"}],"wp:term":[{"taxonomy":"product_brand","embeddable":true,"href":"https:\/\/zuriell.ro\/en\/wp-json\/wp\/v2\/product_brand?post=228622"},{"taxonomy":"product_cat","embeddable":true,"href":"https:\/\/zuriell.ro\/en\/wp-json\/wp\/v2\/product_cat?post=228622"},{"taxonomy":"product_tag","embeddable":true,"href":"https:\/\/zuriell.ro\/en\/wp-json\/wp\/v2\/product_tag?post=228622"}],"curies":[{"name":"wp","href":"https:\/\/api.w.org\/{rel}","templated":true}]}}